{"id":4849,"date":"2026-04-10T14:28:49","date_gmt":"2026-04-10T12:28:49","guid":{"rendered":"https:\/\/www.augustins1261.com\/?page_id=4849"},"modified":"2026-04-10T14:32:04","modified_gmt":"2026-04-10T12:32:04","slug":"gdpr","status":"publish","type":"page","link":"https:\/\/www.augustins1261.com\/en\/rgpd\/","title":{"rendered":"GDPR"},"content":{"rendered":"<div data-elementor-type=\"wp-page\" data-elementor-id=\"4849\" class=\"elementor elementor-4849\" data-elementor-post-type=\"page\">\n\t\t\t\t<div class=\"elementor-element elementor-element-ccf0eb9 e-flex e-con-boxed e-con e-parent\" data-id=\"ccf0eb9\" data-element_type=\"container\" data-settings=\"{&quot;background_background&quot;:&quot;classic&quot;}\">\n\t\t\t\t\t<div class=\"e-con-inner\">\n\t\t<div class=\"elementor-element elementor-element-c00af30 e-flex e-con-boxed e-con e-child\" data-id=\"c00af30\" data-element_type=\"container\">\n\t\t\t\t\t<div class=\"e-con-inner\">\n\t\t<div class=\"elementor-element elementor-element-dbfc432 e-con-full e-flex e-con e-child\" data-id=\"dbfc432\" data-element_type=\"container\" data-settings=\"{&quot;background_background&quot;:&quot;classic&quot;}\">\n\t\t\t\t<div class=\"elementor-element elementor-element-7caf98b elementor-widget__width-initial elementor-widget elementor-widget-heading\" data-id=\"7caf98b\" data-element_type=\"widget\" data-widget_type=\"heading.default\">\n\t\t\t\t\t<h1 class=\"elementor-heading-title elementor-size-default\">GDPR<\/h1>\t\t\t\t<\/div>\n\t\t\t\t<\/div>\n\t\t\t\t\t<\/div>\n\t\t\t\t<\/div>\n\t\t\t\t\t<\/div>\n\t\t\t\t<\/div>\n\t\t<div class=\"elementor-element elementor-element-e4c535d e-flex e-con-boxed e-con e-parent\" data-id=\"e4c535d\" data-element_type=\"container\">\n\t\t\t\t\t<div class=\"e-con-inner\">\n\t\t\t\t<div class=\"elementor-element elementor-element-478b063 elementor-widget elementor-widget-text-editor\" data-id=\"478b063\" data-element_type=\"widget\" data-widget_type=\"text-editor.default\">\n\t\t\t\t\t\t\t\t\t<div>\n<div>\n<div>\n<div>\n<h2>Data protection<\/h2>\n<\/div>\n<\/div>\n<\/div>\n<\/div>\n<div class=\"container content-md\">\n<div class=\"row\">\n<div class=\"col-md-12\">\n<h4>GDPR (General Data Protection Regulation)<\/h4>\n\n<hr \/>\n\n<b>New European regulation on the protection of natural persons' data.<\/b>\n\nThis regulation came into force on May 25, 2018. It provides a new legal framework for the protection of personal data, strengthening individuals' rights and introducing new obligations for companies carrying out data processing.\n\nWe provide you with the official GDPR document so you can learn about the main measures introduced by the regulation.\n\nThis European GDPR regulation was supplemented by the French law on the protection of personal data published in June 2018, which updates the 1978 Data Protection Act.\n<div>\n<div class=\"btn\"><a href=\"https:\/\/www.augustins1261.com\/wp-content\/uploads\/2026\/04\/rgpd.pdf\" target=\"_blank\" rel=\"noopener\"><b class=\"typo\">Download and consult the document on the GDPR regulation<\/b><\/a><\/div>\n<\/div>\n<\/div>\n<\/div>\n<\/div>\t\t\t\t\t\t\t\t<\/div>\n\t\t\t\t\t<\/div>\n\t\t\t\t<\/div>\n\t\t\t\t<\/div>","protected":false},"excerpt":{"rendered":"<p>RGPD Protection des donn\u00e9es RGPD (r\u00e8glement g\u00e9n\u00e9ral sur la protection des donn\u00e9es) Nouveau r\u00e8glement europ\u00e9en sur la protection des donn\u00e9es des personnes physiques. Ce r\u00e9glement est entr\u00e9 en vigueur le 25 mai 2018. Il apporte un nouveau cadre juridique \u00e0 la protection des donn\u00e9es personnelles, en renfor\u00e7ant le droit des personnes et en instaurant de [&hellip;]<\/p>\n","protected":false},"author":1,"featured_media":0,"parent":0,"menu_order":0,"comment_status":"closed","ping_status":"closed","template":"","meta":{"footnotes":""},"class_list":["post-4849","page","type-page","status-publish","hentry"],"yoast_head":"<!-- This site is optimized with the Yoast SEO plugin v27.3 - https:\/\/yoast.com\/product\/yoast-seo-wordpress\/ -->\n<title>RGPD | Les Augustins |\u00a0Appartements 5 \u00e9toile \u00e0 Avignon<\/title>\n<meta name=\"robots\" content=\"index, follow, max-snippet:-1, max-image-preview:large, max-video-preview:-1\" \/>\n<link rel=\"canonical\" href=\"https:\/\/www.augustins1261.com\/en\/gdpr\/\" \/>\n<meta property=\"og:locale\" content=\"en_US\" \/>\n<meta property=\"og:type\" content=\"article\" \/>\n<meta property=\"og:title\" content=\"RGPD | Les Augustins |\u00a0Appartements 5 \u00e9toile \u00e0 Avignon\" \/>\n<meta property=\"og:description\" content=\"RGPD Protection des donn\u00e9es RGPD (r\u00e8glement g\u00e9n\u00e9ral sur la protection des donn\u00e9es) Nouveau r\u00e8glement europ\u00e9en sur la protection des donn\u00e9es des personnes physiques. Ce r\u00e9glement est entr\u00e9 en vigueur le 25 mai 2018. Il apporte un nouveau cadre juridique \u00e0 la protection des donn\u00e9es personnelles, en renfor\u00e7ant le droit des personnes et en instaurant de [&hellip;]\" \/>\n<meta property=\"og:url\" content=\"https:\/\/www.augustins1261.com\/en\/gdpr\/\" \/>\n<meta property=\"og:site_name\" content=\"Les Augustins |\u00a0Appartements 5 \u00e9toile \u00e0 Avignon\" \/>\n<meta property=\"article:modified_time\" content=\"2026-04-10T12:32:04+00:00\" \/>\n<meta name=\"twitter:card\" content=\"summary_large_image\" \/>\n<meta name=\"twitter:label1\" content=\"Est. reading time\" \/>\n\t<meta name=\"twitter:data1\" content=\"1 minute\" \/>\n<script type=\"application\/ld+json\" class=\"yoast-schema-graph\">{\"@context\":\"https:\\\/\\\/schema.org\",\"@graph\":[{\"@type\":\"WebPage\",\"@id\":\"https:\\\/\\\/www.augustins1261.com\\\/rgpd\\\/\",\"url\":\"https:\\\/\\\/www.augustins1261.com\\\/rgpd\\\/\",\"name\":\"RGPD | Les Augustins |\u00a0Appartements 5 \u00e9toile \u00e0 Avignon\",\"isPartOf\":{\"@id\":\"https:\\\/\\\/www.augustins1261.com\\\/#website\"},\"datePublished\":\"2026-04-10T12:28:49+00:00\",\"dateModified\":\"2026-04-10T12:32:04+00:00\",\"breadcrumb\":{\"@id\":\"https:\\\/\\\/www.augustins1261.com\\\/rgpd\\\/#breadcrumb\"},\"inLanguage\":\"en-US\",\"potentialAction\":[{\"@type\":\"ReadAction\",\"target\":[\"https:\\\/\\\/www.augustins1261.com\\\/rgpd\\\/\"]}]},{\"@type\":\"BreadcrumbList\",\"@id\":\"https:\\\/\\\/www.augustins1261.com\\\/rgpd\\\/#breadcrumb\",\"itemListElement\":[{\"@type\":\"ListItem\",\"position\":1,\"name\":\"Accueil\",\"item\":\"https:\\\/\\\/www.augustins1261.com\\\/\"},{\"@type\":\"ListItem\",\"position\":2,\"name\":\"RGPD\"}]},{\"@type\":\"WebSite\",\"@id\":\"https:\\\/\\\/www.augustins1261.com\\\/#website\",\"url\":\"https:\\\/\\\/www.augustins1261.com\\\/\",\"name\":\"Les Augustins |\u00a0Appartements 5 \u00e9toile \u00e0 Avignon\",\"description\":\"\",\"publisher\":{\"@id\":\"https:\\\/\\\/www.augustins1261.com\\\/#organization\"},\"potentialAction\":[{\"@type\":\"SearchAction\",\"target\":{\"@type\":\"EntryPoint\",\"urlTemplate\":\"https:\\\/\\\/www.augustins1261.com\\\/?s={search_term_string}\"},\"query-input\":{\"@type\":\"PropertyValueSpecification\",\"valueRequired\":true,\"valueName\":\"search_term_string\"}}],\"inLanguage\":\"en-US\"},{\"@type\":\"Organization\",\"@id\":\"https:\\\/\\\/www.augustins1261.com\\\/#organization\",\"name\":\"Les Augustins |\u00a0Appartements 5 \u00e9toile \u00e0 Avignon\",\"url\":\"https:\\\/\\\/www.augustins1261.com\\\/\",\"logo\":{\"@type\":\"ImageObject\",\"inLanguage\":\"en-US\",\"@id\":\"https:\\\/\\\/www.augustins1261.com\\\/#\\\/schema\\\/logo\\\/image\\\/\",\"url\":\"https:\\\/\\\/www.augustins1261.com\\\/wp-content\\\/uploads\\\/2026\\\/01\\\/logo.png\",\"contentUrl\":\"https:\\\/\\\/www.augustins1261.com\\\/wp-content\\\/uploads\\\/2026\\\/01\\\/logo.png\",\"width\":300,\"height\":70,\"caption\":\"Les Augustins |\u00a0Appartements 5 \u00e9toile \u00e0 Avignon\"},\"image\":{\"@id\":\"https:\\\/\\\/www.augustins1261.com\\\/#\\\/schema\\\/logo\\\/image\\\/\"}}]}<\/script>\n<!-- \/ Yoast SEO plugin. -->","yoast_head_json":{"title":"GDPR | Les Augustins | 5-star apartments in Avignon","robots":{"index":"index","follow":"follow","max-snippet":"max-snippet:-1","max-image-preview":"max-image-preview:large","max-video-preview":"max-video-preview:-1"},"canonical":"https:\/\/www.augustins1261.com\/en\/gdpr\/","og_locale":"en_US","og_type":"article","og_title":"RGPD | Les Augustins |\u00a0Appartements 5 \u00e9toile \u00e0 Avignon","og_description":"RGPD Protection des donn\u00e9es RGPD (r\u00e8glement g\u00e9n\u00e9ral sur la protection des donn\u00e9es) Nouveau r\u00e8glement europ\u00e9en sur la protection des donn\u00e9es des personnes physiques. Ce r\u00e9glement est entr\u00e9 en vigueur le 25 mai 2018. Il apporte un nouveau cadre juridique \u00e0 la protection des donn\u00e9es personnelles, en renfor\u00e7ant le droit des personnes et en instaurant de [&hellip;]","og_url":"https:\/\/www.augustins1261.com\/en\/gdpr\/","og_site_name":"Les Augustins |\u00a0Appartements 5 \u00e9toile \u00e0 Avignon","article_modified_time":"2026-04-10T12:32:04+00:00","twitter_card":"summary_large_image","twitter_misc":{"Est. reading time":"1 minute"},"schema":{"@context":"https:\/\/schema.org","@graph":[{"@type":"WebPage","@id":"https:\/\/www.augustins1261.com\/rgpd\/","url":"https:\/\/www.augustins1261.com\/rgpd\/","name":"GDPR | Les Augustins | 5-star apartments in Avignon","isPartOf":{"@id":"https:\/\/www.augustins1261.com\/#website"},"datePublished":"2026-04-10T12:28:49+00:00","dateModified":"2026-04-10T12:32:04+00:00","breadcrumb":{"@id":"https:\/\/www.augustins1261.com\/rgpd\/#breadcrumb"},"inLanguage":"en-US","potentialAction":[{"@type":"ReadAction","target":["https:\/\/www.augustins1261.com\/rgpd\/"]}]},{"@type":"BreadcrumbList","@id":"https:\/\/www.augustins1261.com\/rgpd\/#breadcrumb","itemListElement":[{"@type":"ListItem","position":1,"name":"Accueil","item":"https:\/\/www.augustins1261.com\/"},{"@type":"ListItem","position":2,"name":"RGPD"}]},{"@type":"WebSite","@id":"https:\/\/www.augustins1261.com\/#website","url":"https:\/\/www.augustins1261.com\/","name":"Les Augustins | 5-star apartments in Avignon","description":"","publisher":{"@id":"https:\/\/www.augustins1261.com\/#organization"},"potentialAction":[{"@type":"SearchAction","target":{"@type":"EntryPoint","urlTemplate":"https:\/\/www.augustins1261.com\/?s={search_term_string}"},"query-input":{"@type":"PropertyValueSpecification","valueRequired":true,"valueName":"search_term_string"}}],"inLanguage":"en-US"},{"@type":"Organization","@id":"https:\/\/www.augustins1261.com\/#organization","name":"Les Augustins | 5-star apartments in Avignon","url":"https:\/\/www.augustins1261.com\/","logo":{"@type":"ImageObject","inLanguage":"en-US","@id":"https:\/\/www.augustins1261.com\/#\/schema\/logo\/image\/","url":"https:\/\/www.augustins1261.com\/wp-content\/uploads\/2026\/01\/logo.png","contentUrl":"https:\/\/www.augustins1261.com\/wp-content\/uploads\/2026\/01\/logo.png","width":300,"height":70,"caption":"Les Augustins |\u00a0Appartements 5 \u00e9toile \u00e0 Avignon"},"image":{"@id":"https:\/\/www.augustins1261.com\/#\/schema\/logo\/image\/"}}]}},"_links":{"self":[{"href":"https:\/\/www.augustins1261.com\/en\/wp-json\/wp\/v2\/pages\/4849","targetHints":{"allow":["GET"]}}],"collection":[{"href":"https:\/\/www.augustins1261.com\/en\/wp-json\/wp\/v2\/pages"}],"about":[{"href":"https:\/\/www.augustins1261.com\/en\/wp-json\/wp\/v2\/types\/page"}],"author":[{"embeddable":true,"href":"https:\/\/www.augustins1261.com\/en\/wp-json\/wp\/v2\/users\/1"}],"replies":[{"embeddable":true,"href":"https:\/\/www.augustins1261.com\/en\/wp-json\/wp\/v2\/comments?post=4849"}],"version-history":[{"count":7,"href":"https:\/\/www.augustins1261.com\/en\/wp-json\/wp\/v2\/pages\/4849\/revisions"}],"predecessor-version":[{"id":4871,"href":"https:\/\/www.augustins1261.com\/en\/wp-json\/wp\/v2\/pages\/4849\/revisions\/4871"}],"wp:attachment":[{"href":"https:\/\/www.augustins1261.com\/en\/wp-json\/wp\/v2\/media?parent=4849"}],"curies":[{"name":"wp","href":"https:\/\/api.w.org\/{rel}","templated":true}]}}